{"id":6017,"date":"2023-10-28T05:21:15","date_gmt":"2023-10-28T05:21:15","guid":{"rendered":"https:\/\/sklep.bmtg.eu\/?post_type=product&#038;p=6017"},"modified":"2024-09-17T11:44:33","modified_gmt":"2024-09-17T11:44:33","slug":"looping-blade","status":"publish","type":"product","link":"https:\/\/sklep.bmtg.eu\/pl\/produkt\/looping-blade\/","title":{"rendered":"Tarcze do naci\u0119\u0107 dylatacyjnych i detekcyjnych"},"content":{"rendered":"<div data-elementor-type=\"wp-post\" data-elementor-id=\"6017\" class=\"elementor elementor-6017\">\n\t\t\t\t\t\t<section class=\"elementor-section elementor-top-section elementor-element elementor-element-dc1b433 elementor-section-boxed elementor-section-height-default elementor-section-height-default\" data-id=\"dc1b433\" data-element_type=\"section\" data-e-type=\"section\">\n\t\t\t\t\t\t<div class=\"elementor-container elementor-column-gap-default\">\n\t\t\t\t\t<div class=\"elementor-column elementor-col-100 elementor-top-column elementor-element elementor-element-213b6ea\" data-id=\"213b6ea\" data-element_type=\"column\" data-e-type=\"column\">\n\t\t\t<div class=\"elementor-widget-wrap elementor-element-populated\">\n\t\t\t\t\t\t<div class=\"elementor-element elementor-element-8370859 elementor-widget elementor-widget-text-editor\" data-id=\"8370859\" data-element_type=\"widget\" data-e-type=\"widget\" data-widget_type=\"text-editor.default\">\n\t\t\t\t<div class=\"elementor-widget-container\">\n\t\t\t\t\t\t\t\t\t<p>WYB\u00d3R RODZAJ\u00d3W TARCZ<br \/><span style=\"color: #404040; font-family: Montserrat, 'Helvetica Neue', helvetica, arial, sans-serif;\">M4 Beton<\/span><br style=\"color: #404040; font-family: Montserrat, 'Helvetica Neue', helvetica, arial, sans-serif;\" \/><span style=\"color: #404040; font-family: Montserrat, 'Helvetica Neue', helvetica, arial, sans-serif;\">M5 Beton abrazyjny<\/span><br style=\"color: #404040; font-family: Montserrat, 'Helvetica Neue', helvetica, arial, sans-serif;\" \/><span style=\"color: #404040; font-family: Montserrat, 'Helvetica Neue', helvetica, arial, sans-serif;\">M6 Asfalt<\/span><\/p><p><span style=\"color: #404040; font-family: Montserrat, Helvetica Neue, helvetica, arial, sans-serif;\">Inne rodzaje na zam\u00f3wienie<\/span><\/p>\t\t\t\t\t\t\t\t<\/div>\n\t\t\t\t<\/div>\n\t\t\t\t\t<\/div>\n\t\t<\/div>\n\t\t\t\t\t<\/div>\n\t\t<\/section>\n\t\t\t\t<section class=\"elementor-section elementor-top-section elementor-element elementor-element-e457371 elementor-section-boxed elementor-section-height-default elementor-section-height-default\" data-id=\"e457371\" data-element_type=\"section\" data-e-type=\"section\">\n\t\t\t\t\t\t<div class=\"elementor-container elementor-column-gap-default\">\n\t\t\t\t\t<div class=\"elementor-column elementor-col-100 elementor-top-column elementor-element elementor-element-3ca9b97\" data-id=\"3ca9b97\" data-element_type=\"column\" data-e-type=\"column\">\n\t\t\t<div class=\"elementor-widget-wrap elementor-element-populated\">\n\t\t\t\t\t\t<div class=\"elementor-element elementor-element-d7f96e1 elementor-widget elementor-widget-image\" data-id=\"d7f96e1\" data-element_type=\"widget\" data-e-type=\"widget\" data-widget_type=\"image.default\">\n\t\t\t\t<div class=\"elementor-widget-container\">\n\t\t\t\t\t\t\t\t\t\t\t\t\t\t\t<img decoding=\"async\" width=\"199\" height=\"200\" src=\"https:\/\/sklep.bmtg.eu\/wp-content\/uploads\/2020\/11\/Wyprodukowano-w-Polsce.jpg\" class=\"attachment-large size-large wp-image-5575\" alt=\"\" srcset=\"https:\/\/sklep.bmtg.eu\/wp-content\/uploads\/2020\/11\/Wyprodukowano-w-Polsce.jpg 199w, https:\/\/sklep.bmtg.eu\/wp-content\/uploads\/2020\/11\/Wyprodukowano-w-Polsce-150x150.jpg 150w, https:\/\/sklep.bmtg.eu\/wp-content\/uploads\/2020\/11\/Wyprodukowano-w-Polsce-12x12.jpg 12w, https:\/\/sklep.bmtg.eu\/wp-content\/uploads\/2020\/11\/Wyprodukowano-w-Polsce-100x100.jpg 100w\" sizes=\"(max-width: 199px) 100vw, 199px\" \/>\t\t\t\t\t\t\t\t\t\t\t\t\t\t\t<\/div>\n\t\t\t\t<\/div>\n\t\t\t\t\t<\/div>\n\t\t<\/div>\n\t\t\t\t\t<\/div>\n\t\t<\/section>\n\t\t\t\t<section class=\"elementor-section elementor-top-section elementor-element elementor-element-15c5d5b elementor-section-boxed elementor-section-height-default elementor-section-height-default\" data-id=\"15c5d5b\" data-element_type=\"section\" data-e-type=\"section\">\n\t\t\t\t\t\t<div class=\"elementor-container elementor-column-gap-default\">\n\t\t\t\t\t<div class=\"elementor-column elementor-col-100 elementor-top-column elementor-element elementor-element-6a65816\" data-id=\"6a65816\" data-element_type=\"column\" data-e-type=\"column\">\n\t\t\t<div class=\"elementor-widget-wrap elementor-element-populated\">\n\t\t\t\t\t\t<div class=\"elementor-element elementor-element-fa3d48e elementor-widget elementor-widget-video\" data-id=\"fa3d48e\" data-element_type=\"widget\" data-e-type=\"widget\" data-settings=\"{&quot;youtube_url&quot;:&quot;https:\\\/\\\/www.youtube.com\\\/watch?v=ysocxSQuvcc&quot;,&quot;video_type&quot;:&quot;youtube&quot;,&quot;controls&quot;:&quot;yes&quot;}\" data-widget_type=\"video.default\">\n\t\t\t\t<div class=\"elementor-widget-container\">\n\t\t\t\t\t\t\t<div class=\"elementor-wrapper elementor-open-inline\">\n\t\t\t<div class=\"elementor-video\"><\/div>\t\t<\/div>\n\t\t\t\t\t\t<\/div>\n\t\t\t\t<\/div>\n\t\t\t\t\t<\/div>\n\t\t<\/div>\n\t\t\t\t\t<\/div>\n\t\t<\/section>\n\t\t\t\t<\/div>","protected":false},"excerpt":{"rendered":"<p>M4 Beton<br \/>\nM5 Beton abrazyjny<br \/>\nM6 Asfalt<\/p>","protected":false},"featured_media":6465,"template":"","meta":[],"product_brand":[],"product_cat":[37],"product_tag":[47,46,73,48],"class_list":{"0":"post-6017","1":"product","2":"type-product","3":"status-publish","4":"has-post-thumbnail","6":"product_cat-diamond-circular-saw-blades","7":"product_tag-concrette-cutting","8":"product_tag-diamond-saw-blade","9":"product_tag-looping-blade","10":"product_tag-pentruder","12":"first","13":"onbackorder","14":"taxable","15":"shipping-taxable","16":"purchasable","17":"product-type-variable"},"yoast_head":"<!-- This site is optimized with the Yoast SEO plugin v27.5 - https:\/\/yoast.com\/product\/yoast-seo-wordpress\/ -->\n<title>Looping Blade - Diamond tools | Specialized machines | Wall saws | Floor saws | Core drill bits<\/title>\n<meta name=\"description\" content=\"Diamond saw blade for cutting looping grooves. Precise cutting and high quality.\" \/>\n<meta name=\"robots\" content=\"index, follow, max-snippet:-1, max-image-preview:large, max-video-preview:-1\" \/>\n<link rel=\"canonical\" href=\"https:\/\/sklep.bmtg.eu\/pl\/produkt\/looping-blade\/\" \/>\n<meta property=\"og:locale\" content=\"pl_PL\" \/>\n<meta property=\"og:type\" content=\"article\" \/>\n<meta property=\"og:title\" content=\"Looping Blade - Diamond tools | Specialized machines | Wall saws | Floor saws | Core drill bits\" \/>\n<meta property=\"og:description\" content=\"Diamond saw blade for cutting looping grooves. Precise cutting and high quality.\" \/>\n<meta property=\"og:url\" content=\"https:\/\/sklep.bmtg.eu\/pl\/produkt\/looping-blade\/\" \/>\n<meta property=\"og:site_name\" content=\"Diamond tools | Specialized machines | Wall saws | Floor saws | Core drill bits\" \/>\n<meta property=\"article:modified_time\" content=\"2024-09-17T11:44:33+00:00\" \/>\n<meta property=\"og:image\" content=\"https:\/\/sklep.bmtg.eu\/wp-content\/uploads\/2023\/10\/IMG_6082_1920.jpg\" \/>\n\t<meta property=\"og:image:width\" content=\"1920\" \/>\n\t<meta property=\"og:image:height\" content=\"1440\" \/>\n\t<meta property=\"og:image:type\" content=\"image\/jpeg\" \/>\n<meta name=\"twitter:card\" content=\"summary_large_image\" \/>\n<meta name=\"twitter:label1\" content=\"Szacowany czas czytania\" \/>\n\t<meta name=\"twitter:data1\" content=\"1 minuta\" \/>\n<script type=\"application\/ld+json\" class=\"yoast-schema-graph\">{\"@context\":\"https:\\\/\\\/schema.org\",\"@graph\":[{\"@type\":\"WebPage\",\"@id\":\"https:\\\/\\\/sklep.bmtg.eu\\\/produkt\\\/looping-blade\\\/\",\"url\":\"https:\\\/\\\/sklep.bmtg.eu\\\/produkt\\\/looping-blade\\\/\",\"name\":\"Looping Blade - Diamond tools | Specialized machines | Wall saws | Floor saws | Core drill bits\",\"isPartOf\":{\"@id\":\"https:\\\/\\\/sklep.bmtg.eu\\\/pl\\\/#website\"},\"primaryImageOfPage\":{\"@id\":\"https:\\\/\\\/sklep.bmtg.eu\\\/produkt\\\/looping-blade\\\/#primaryimage\"},\"image\":{\"@id\":\"https:\\\/\\\/sklep.bmtg.eu\\\/produkt\\\/looping-blade\\\/#primaryimage\"},\"thumbnailUrl\":\"https:\\\/\\\/sklep.bmtg.eu\\\/wp-content\\\/uploads\\\/2023\\\/10\\\/IMG_6082_1920.jpg\",\"datePublished\":\"2023-10-28T05:21:15+00:00\",\"dateModified\":\"2024-09-17T11:44:33+00:00\",\"description\":\"Diamond saw blade for cutting looping grooves. Precise cutting and high quality.\",\"breadcrumb\":{\"@id\":\"https:\\\/\\\/sklep.bmtg.eu\\\/produkt\\\/looping-blade\\\/#breadcrumb\"},\"inLanguage\":\"pl-PL\",\"potentialAction\":[{\"@type\":\"ReadAction\",\"target\":[\"https:\\\/\\\/sklep.bmtg.eu\\\/produkt\\\/looping-blade\\\/\"]}]},{\"@type\":\"ImageObject\",\"inLanguage\":\"pl-PL\",\"@id\":\"https:\\\/\\\/sklep.bmtg.eu\\\/produkt\\\/looping-blade\\\/#primaryimage\",\"url\":\"https:\\\/\\\/sklep.bmtg.eu\\\/wp-content\\\/uploads\\\/2023\\\/10\\\/IMG_6082_1920.jpg\",\"contentUrl\":\"https:\\\/\\\/sklep.bmtg.eu\\\/wp-content\\\/uploads\\\/2023\\\/10\\\/IMG_6082_1920.jpg\",\"width\":1920,\"height\":1440,\"caption\":\"Looping diamond blade\"},{\"@type\":\"BreadcrumbList\",\"@id\":\"https:\\\/\\\/sklep.bmtg.eu\\\/produkt\\\/looping-blade\\\/#breadcrumb\",\"itemListElement\":[{\"@type\":\"ListItem\",\"position\":1,\"name\":\"Home\",\"item\":\"https:\\\/\\\/sklep.bmtg.eu\\\/\"},{\"@type\":\"ListItem\",\"position\":2,\"name\":\"Shop\",\"item\":\"https:\\\/\\\/sklep.bmtg.eu\\\/pl\\\/shop\\\/\"},{\"@type\":\"ListItem\",\"position\":3,\"name\":\"Looping Blade\"}]},{\"@type\":\"WebSite\",\"@id\":\"https:\\\/\\\/sklep.bmtg.eu\\\/pl\\\/#website\",\"url\":\"https:\\\/\\\/sklep.bmtg.eu\\\/pl\\\/\",\"name\":\"Diamond tools | Specialized machines | Wall saws | Floor saws | Core drill bits\",\"description\":\"We have the best diamond tools and amazing experience.\",\"publisher\":{\"@id\":\"https:\\\/\\\/sklep.bmtg.eu\\\/pl\\\/#organization\"},\"potentialAction\":[{\"@type\":\"SearchAction\",\"target\":{\"@type\":\"EntryPoint\",\"urlTemplate\":\"https:\\\/\\\/sklep.bmtg.eu\\\/pl\\\/?s={search_term_string}\"},\"query-input\":{\"@type\":\"PropertyValueSpecification\",\"valueRequired\":true,\"valueName\":\"search_term_string\"}}],\"inLanguage\":\"pl-PL\"},{\"@type\":\"Organization\",\"@id\":\"https:\\\/\\\/sklep.bmtg.eu\\\/pl\\\/#organization\",\"name\":\"Diamond tools | Specialized machines | Wall saws | Floor saws | Core drill bits\",\"url\":\"https:\\\/\\\/sklep.bmtg.eu\\\/pl\\\/\",\"logo\":{\"@type\":\"ImageObject\",\"inLanguage\":\"pl-PL\",\"@id\":\"https:\\\/\\\/sklep.bmtg.eu\\\/pl\\\/#\\\/schema\\\/logo\\\/image\\\/\",\"url\":\"https:\\\/\\\/sklep.bmtg.eu\\\/wp-content\\\/uploads\\\/2020\\\/11\\\/cropped-logo.gif\",\"contentUrl\":\"https:\\\/\\\/sklep.bmtg.eu\\\/wp-content\\\/uploads\\\/2020\\\/11\\\/cropped-logo.gif\",\"width\":1000,\"height\":341,\"caption\":\"Diamond tools | Specialized machines | Wall saws | Floor saws | Core drill bits\"},\"image\":{\"@id\":\"https:\\\/\\\/sklep.bmtg.eu\\\/pl\\\/#\\\/schema\\\/logo\\\/image\\\/\"}}]}<\/script>\n<!-- \/ Yoast SEO plugin. -->","yoast_head_json":{"title":"Looping Blade - Diamond tools | Specialized machines | Wall saws | Floor saws | Core drill bits","description":"Diamond saw blade for cutting looping grooves. Precise cutting and high quality.","robots":{"index":"index","follow":"follow","max-snippet":"max-snippet:-1","max-image-preview":"max-image-preview:large","max-video-preview":"max-video-preview:-1"},"canonical":"https:\/\/sklep.bmtg.eu\/pl\/produkt\/looping-blade\/","og_locale":"pl_PL","og_type":"article","og_title":"Looping Blade - Diamond tools | Specialized machines | Wall saws | Floor saws | Core drill bits","og_description":"Diamond saw blade for cutting looping grooves. Precise cutting and high quality.","og_url":"https:\/\/sklep.bmtg.eu\/pl\/produkt\/looping-blade\/","og_site_name":"Diamond tools | Specialized machines | Wall saws | Floor saws | Core drill bits","article_modified_time":"2024-09-17T11:44:33+00:00","og_image":[{"width":1920,"height":1440,"url":"https:\/\/sklep.bmtg.eu\/wp-content\/uploads\/2023\/10\/IMG_6082_1920.jpg","type":"image\/jpeg"}],"twitter_card":"summary_large_image","twitter_misc":{"Szacowany czas czytania":"1 minuta"},"schema":{"@context":"https:\/\/schema.org","@graph":[{"@type":"WebPage","@id":"https:\/\/sklep.bmtg.eu\/produkt\/looping-blade\/","url":"https:\/\/sklep.bmtg.eu\/produkt\/looping-blade\/","name":"Looping Blade - Diamond tools | Specialized machines | Wall saws | Floor saws | Core drill bits","isPartOf":{"@id":"https:\/\/sklep.bmtg.eu\/pl\/#website"},"primaryImageOfPage":{"@id":"https:\/\/sklep.bmtg.eu\/produkt\/looping-blade\/#primaryimage"},"image":{"@id":"https:\/\/sklep.bmtg.eu\/produkt\/looping-blade\/#primaryimage"},"thumbnailUrl":"https:\/\/sklep.bmtg.eu\/wp-content\/uploads\/2023\/10\/IMG_6082_1920.jpg","datePublished":"2023-10-28T05:21:15+00:00","dateModified":"2024-09-17T11:44:33+00:00","description":"Diamond saw blade for cutting looping grooves. Precise cutting and high quality.","breadcrumb":{"@id":"https:\/\/sklep.bmtg.eu\/produkt\/looping-blade\/#breadcrumb"},"inLanguage":"pl-PL","potentialAction":[{"@type":"ReadAction","target":["https:\/\/sklep.bmtg.eu\/produkt\/looping-blade\/"]}]},{"@type":"ImageObject","inLanguage":"pl-PL","@id":"https:\/\/sklep.bmtg.eu\/produkt\/looping-blade\/#primaryimage","url":"https:\/\/sklep.bmtg.eu\/wp-content\/uploads\/2023\/10\/IMG_6082_1920.jpg","contentUrl":"https:\/\/sklep.bmtg.eu\/wp-content\/uploads\/2023\/10\/IMG_6082_1920.jpg","width":1920,"height":1440,"caption":"Looping diamond blade"},{"@type":"BreadcrumbList","@id":"https:\/\/sklep.bmtg.eu\/produkt\/looping-blade\/#breadcrumb","itemListElement":[{"@type":"ListItem","position":1,"name":"Home","item":"https:\/\/sklep.bmtg.eu\/"},{"@type":"ListItem","position":2,"name":"Shop","item":"https:\/\/sklep.bmtg.eu\/pl\/shop\/"},{"@type":"ListItem","position":3,"name":"Looping Blade"}]},{"@type":"WebSite","@id":"https:\/\/sklep.bmtg.eu\/pl\/#website","url":"https:\/\/sklep.bmtg.eu\/pl\/","name":"Narz\u0119dzia diamentowe | Maszyny specjalistyczne | Pi\u0142y \u015bcienne | Pi\u0142y do pod\u0142o\u017ca | Diamentowe wiert\u0142a koronowe","description":"Posiadamy najlepsze narz\u0119dzia diamentowe i ogromne do\u015bwiadczenie","publisher":{"@id":"https:\/\/sklep.bmtg.eu\/pl\/#organization"},"potentialAction":[{"@type":"SearchAction","target":{"@type":"EntryPoint","urlTemplate":"https:\/\/sklep.bmtg.eu\/pl\/?s={search_term_string}"},"query-input":{"@type":"PropertyValueSpecification","valueRequired":true,"valueName":"search_term_string"}}],"inLanguage":"pl-PL"},{"@type":"Organization","@id":"https:\/\/sklep.bmtg.eu\/pl\/#organization","name":"Narz\u0119dzia diamentowe | Maszyny specjalistyczne | Pi\u0142y \u015bcienne | Pi\u0142y do pod\u0142o\u017ca | Diamentowe wiert\u0142a koronowe","url":"https:\/\/sklep.bmtg.eu\/pl\/","logo":{"@type":"ImageObject","inLanguage":"pl-PL","@id":"https:\/\/sklep.bmtg.eu\/pl\/#\/schema\/logo\/image\/","url":"https:\/\/sklep.bmtg.eu\/wp-content\/uploads\/2020\/11\/cropped-logo.gif","contentUrl":"https:\/\/sklep.bmtg.eu\/wp-content\/uploads\/2020\/11\/cropped-logo.gif","width":1000,"height":341,"caption":"Diamond tools | Specialized machines | Wall saws | Floor saws | Core drill bits"},"image":{"@id":"https:\/\/sklep.bmtg.eu\/pl\/#\/schema\/logo\/image\/"}}]}},"jetpack_sharing_enabled":true,"_links":{"self":[{"href":"https:\/\/sklep.bmtg.eu\/pl\/wp-json\/wp\/v2\/product\/6017","targetHints":{"allow":["GET"]}}],"collection":[{"href":"https:\/\/sklep.bmtg.eu\/pl\/wp-json\/wp\/v2\/product"}],"about":[{"href":"https:\/\/sklep.bmtg.eu\/pl\/wp-json\/wp\/v2\/types\/product"}],"version-history":[{"count":11,"href":"https:\/\/sklep.bmtg.eu\/pl\/wp-json\/wp\/v2\/product\/6017\/revisions"}],"predecessor-version":[{"id":6520,"href":"https:\/\/sklep.bmtg.eu\/pl\/wp-json\/wp\/v2\/product\/6017\/revisions\/6520"}],"wp:featuredmedia":[{"embeddable":true,"href":"https:\/\/sklep.bmtg.eu\/pl\/wp-json\/wp\/v2\/media\/6465"}],"wp:attachment":[{"href":"https:\/\/sklep.bmtg.eu\/pl\/wp-json\/wp\/v2\/media?parent=6017"}],"wp:term":[{"taxonomy":"product_brand","embeddable":true,"href":"https:\/\/sklep.bmtg.eu\/pl\/wp-json\/wp\/v2\/product_brand?post=6017"},{"taxonomy":"product_cat","embeddable":true,"href":"https:\/\/sklep.bmtg.eu\/pl\/wp-json\/wp\/v2\/product_cat?post=6017"},{"taxonomy":"product_tag","embeddable":true,"href":"https:\/\/sklep.bmtg.eu\/pl\/wp-json\/wp\/v2\/product_tag?post=6017"}],"curies":[{"name":"wp","href":"https:\/\/api.w.org\/{rel}","templated":true}]}}