{"id":5802,"date":"2021-12-14T13:16:06","date_gmt":"2021-12-14T13:16:06","guid":{"rendered":"https:\/\/sklep.bmtg.eu\/?post_type=product&#038;p=5802"},"modified":"2024-09-17T11:52:48","modified_gmt":"2024-09-17T11:52:48","slug":"diamond-saw-blade-230-mm-combi","status":"publish","type":"product","link":"https:\/\/sklep.bmtg.eu\/pl\/produkt\/diamond-saw-blade-230-mm-combi\/","title":{"rendered":"Diamond saw blade 230 mm Combi"},"content":{"rendered":"","protected":false},"excerpt":{"rendered":"","protected":false},"featured_media":0,"template":"","meta":[],"product_brand":[],"product_cat":[51,54],"product_tag":[],"class_list":{"0":"post-5802","1":"product","2":"type-product","3":"status-publish","5":"product_cat-dry-cutting-sawblades","6":"product_cat-diamond-saw-blades-for-general-purposes","8":"first","9":"instock","10":"taxable","11":"shipping-taxable","12":"purchasable","13":"product-type-simple"},"yoast_head":"<!-- This site is optimized with the Yoast SEO plugin v27.4 - https:\/\/yoast.com\/product\/yoast-seo-wordpress\/ -->\n<title>Diamond saw blade 230 mm Combi - Diamond tools | Specialized machines | Wall saws | Floor saws | Core drill bits<\/title>\n<meta name=\"robots\" content=\"index, follow, max-snippet:-1, max-image-preview:large, max-video-preview:-1\" \/>\n<link rel=\"canonical\" href=\"https:\/\/sklep.bmtg.eu\/pl\/produkt\/diamond-saw-blade-230-mm-combi\/\" \/>\n<meta property=\"og:locale\" content=\"pl_PL\" \/>\n<meta property=\"og:type\" content=\"article\" \/>\n<meta property=\"og:title\" content=\"Diamond saw blade 230 mm Combi - Diamond tools | Specialized machines | Wall saws | Floor saws | Core drill bits\" \/>\n<meta property=\"og:url\" content=\"https:\/\/sklep.bmtg.eu\/pl\/produkt\/diamond-saw-blade-230-mm-combi\/\" \/>\n<meta property=\"og:site_name\" content=\"Diamond tools | Specialized machines | Wall saws | Floor saws | Core drill bits\" \/>\n<meta property=\"article:modified_time\" content=\"2024-09-17T11:52:48+00:00\" \/>\n<meta name=\"twitter:card\" content=\"summary_large_image\" \/>\n<script type=\"application\/ld+json\" class=\"yoast-schema-graph\">{\"@context\":\"https:\\\/\\\/schema.org\",\"@graph\":[{\"@type\":\"WebPage\",\"@id\":\"https:\\\/\\\/sklep.bmtg.eu\\\/produkt\\\/diamond-saw-blade-230-mm-combi\\\/\",\"url\":\"https:\\\/\\\/sklep.bmtg.eu\\\/produkt\\\/diamond-saw-blade-230-mm-combi\\\/\",\"name\":\"Diamond saw blade 230 mm Combi - Diamond tools | Specialized machines | Wall saws | Floor saws | Core drill bits\",\"isPartOf\":{\"@id\":\"https:\\\/\\\/sklep.bmtg.eu\\\/pl\\\/#website\"},\"datePublished\":\"2021-12-14T13:16:06+00:00\",\"dateModified\":\"2024-09-17T11:52:48+00:00\",\"breadcrumb\":{\"@id\":\"https:\\\/\\\/sklep.bmtg.eu\\\/produkt\\\/diamond-saw-blade-230-mm-combi\\\/#breadcrumb\"},\"inLanguage\":\"pl-PL\",\"potentialAction\":[{\"@type\":\"ReadAction\",\"target\":[\"https:\\\/\\\/sklep.bmtg.eu\\\/produkt\\\/diamond-saw-blade-230-mm-combi\\\/\"]}]},{\"@type\":\"BreadcrumbList\",\"@id\":\"https:\\\/\\\/sklep.bmtg.eu\\\/produkt\\\/diamond-saw-blade-230-mm-combi\\\/#breadcrumb\",\"itemListElement\":[{\"@type\":\"ListItem\",\"position\":1,\"name\":\"Home\",\"item\":\"https:\\\/\\\/sklep.bmtg.eu\\\/\"},{\"@type\":\"ListItem\",\"position\":2,\"name\":\"Shop\",\"item\":\"https:\\\/\\\/sklep.bmtg.eu\\\/pl\\\/shop\\\/\"},{\"@type\":\"ListItem\",\"position\":3,\"name\":\"Diamond saw blade 230 mm Combi\"}]},{\"@type\":\"WebSite\",\"@id\":\"https:\\\/\\\/sklep.bmtg.eu\\\/pl\\\/#website\",\"url\":\"https:\\\/\\\/sklep.bmtg.eu\\\/pl\\\/\",\"name\":\"Diamond tools | Specialized machines | Wall saws | Floor saws | Core drill bits\",\"description\":\"We have the best diamond tools and amazing experience.\",\"publisher\":{\"@id\":\"https:\\\/\\\/sklep.bmtg.eu\\\/pl\\\/#organization\"},\"potentialAction\":[{\"@type\":\"SearchAction\",\"target\":{\"@type\":\"EntryPoint\",\"urlTemplate\":\"https:\\\/\\\/sklep.bmtg.eu\\\/pl\\\/?s={search_term_string}\"},\"query-input\":{\"@type\":\"PropertyValueSpecification\",\"valueRequired\":true,\"valueName\":\"search_term_string\"}}],\"inLanguage\":\"pl-PL\"},{\"@type\":\"Organization\",\"@id\":\"https:\\\/\\\/sklep.bmtg.eu\\\/pl\\\/#organization\",\"name\":\"Diamond tools | Specialized machines | Wall saws | Floor saws | Core drill bits\",\"url\":\"https:\\\/\\\/sklep.bmtg.eu\\\/pl\\\/\",\"logo\":{\"@type\":\"ImageObject\",\"inLanguage\":\"pl-PL\",\"@id\":\"https:\\\/\\\/sklep.bmtg.eu\\\/pl\\\/#\\\/schema\\\/logo\\\/image\\\/\",\"url\":\"https:\\\/\\\/sklep.bmtg.eu\\\/wp-content\\\/uploads\\\/2020\\\/11\\\/cropped-logo.gif\",\"contentUrl\":\"https:\\\/\\\/sklep.bmtg.eu\\\/wp-content\\\/uploads\\\/2020\\\/11\\\/cropped-logo.gif\",\"width\":1000,\"height\":341,\"caption\":\"Diamond tools | Specialized machines | Wall saws | Floor saws | Core drill bits\"},\"image\":{\"@id\":\"https:\\\/\\\/sklep.bmtg.eu\\\/pl\\\/#\\\/schema\\\/logo\\\/image\\\/\"}}]}<\/script>\n<!-- \/ Yoast SEO plugin. -->","yoast_head_json":{"title":"Diamond saw blade 230 mm Combi - Diamond tools | Specialized machines | Wall saws | Floor saws | Core drill bits","robots":{"index":"index","follow":"follow","max-snippet":"max-snippet:-1","max-image-preview":"max-image-preview:large","max-video-preview":"max-video-preview:-1"},"canonical":"https:\/\/sklep.bmtg.eu\/pl\/produkt\/diamond-saw-blade-230-mm-combi\/","og_locale":"pl_PL","og_type":"article","og_title":"Diamond saw blade 230 mm Combi - Diamond tools | Specialized machines | Wall saws | Floor saws | Core drill bits","og_url":"https:\/\/sklep.bmtg.eu\/pl\/produkt\/diamond-saw-blade-230-mm-combi\/","og_site_name":"Diamond tools | Specialized machines | Wall saws | Floor saws | Core drill bits","article_modified_time":"2024-09-17T11:52:48+00:00","twitter_card":"summary_large_image","schema":{"@context":"https:\/\/schema.org","@graph":[{"@type":"WebPage","@id":"https:\/\/sklep.bmtg.eu\/produkt\/diamond-saw-blade-230-mm-combi\/","url":"https:\/\/sklep.bmtg.eu\/produkt\/diamond-saw-blade-230-mm-combi\/","name":"Diamond saw blade 230 mm Combi - Diamond tools | Specialized machines | Wall saws | Floor saws | Core drill bits","isPartOf":{"@id":"https:\/\/sklep.bmtg.eu\/pl\/#website"},"datePublished":"2021-12-14T13:16:06+00:00","dateModified":"2024-09-17T11:52:48+00:00","breadcrumb":{"@id":"https:\/\/sklep.bmtg.eu\/produkt\/diamond-saw-blade-230-mm-combi\/#breadcrumb"},"inLanguage":"pl-PL","potentialAction":[{"@type":"ReadAction","target":["https:\/\/sklep.bmtg.eu\/produkt\/diamond-saw-blade-230-mm-combi\/"]}]},{"@type":"BreadcrumbList","@id":"https:\/\/sklep.bmtg.eu\/produkt\/diamond-saw-blade-230-mm-combi\/#breadcrumb","itemListElement":[{"@type":"ListItem","position":1,"name":"Home","item":"https:\/\/sklep.bmtg.eu\/"},{"@type":"ListItem","position":2,"name":"Shop","item":"https:\/\/sklep.bmtg.eu\/pl\/shop\/"},{"@type":"ListItem","position":3,"name":"Diamond saw blade 230 mm Combi"}]},{"@type":"WebSite","@id":"https:\/\/sklep.bmtg.eu\/pl\/#website","url":"https:\/\/sklep.bmtg.eu\/pl\/","name":"Narz\u0119dzia diamentowe | Maszyny specjalistyczne | Pi\u0142y \u015bcienne | Pi\u0142y do pod\u0142o\u017ca | Diamentowe wiert\u0142a koronowe","description":"Posiadamy najlepsze narz\u0119dzia diamentowe i ogromne do\u015bwiadczenie","publisher":{"@id":"https:\/\/sklep.bmtg.eu\/pl\/#organization"},"potentialAction":[{"@type":"SearchAction","target":{"@type":"EntryPoint","urlTemplate":"https:\/\/sklep.bmtg.eu\/pl\/?s={search_term_string}"},"query-input":{"@type":"PropertyValueSpecification","valueRequired":true,"valueName":"search_term_string"}}],"inLanguage":"pl-PL"},{"@type":"Organization","@id":"https:\/\/sklep.bmtg.eu\/pl\/#organization","name":"Narz\u0119dzia diamentowe | Maszyny specjalistyczne | Pi\u0142y \u015bcienne | Pi\u0142y do pod\u0142o\u017ca | Diamentowe wiert\u0142a koronowe","url":"https:\/\/sklep.bmtg.eu\/pl\/","logo":{"@type":"ImageObject","inLanguage":"pl-PL","@id":"https:\/\/sklep.bmtg.eu\/pl\/#\/schema\/logo\/image\/","url":"https:\/\/sklep.bmtg.eu\/wp-content\/uploads\/2020\/11\/cropped-logo.gif","contentUrl":"https:\/\/sklep.bmtg.eu\/wp-content\/uploads\/2020\/11\/cropped-logo.gif","width":1000,"height":341,"caption":"Diamond tools | Specialized machines | Wall saws | Floor saws | Core drill bits"},"image":{"@id":"https:\/\/sklep.bmtg.eu\/pl\/#\/schema\/logo\/image\/"}}]}},"jetpack_sharing_enabled":true,"_links":{"self":[{"href":"https:\/\/sklep.bmtg.eu\/pl\/wp-json\/wp\/v2\/product\/5802","targetHints":{"allow":["GET"]}}],"collection":[{"href":"https:\/\/sklep.bmtg.eu\/pl\/wp-json\/wp\/v2\/product"}],"about":[{"href":"https:\/\/sklep.bmtg.eu\/pl\/wp-json\/wp\/v2\/types\/product"}],"version-history":[{"count":1,"href":"https:\/\/sklep.bmtg.eu\/pl\/wp-json\/wp\/v2\/product\/5802\/revisions"}],"predecessor-version":[{"id":5803,"href":"https:\/\/sklep.bmtg.eu\/pl\/wp-json\/wp\/v2\/product\/5802\/revisions\/5803"}],"wp:attachment":[{"href":"https:\/\/sklep.bmtg.eu\/pl\/wp-json\/wp\/v2\/media?parent=5802"}],"wp:term":[{"taxonomy":"product_brand","embeddable":true,"href":"https:\/\/sklep.bmtg.eu\/pl\/wp-json\/wp\/v2\/product_brand?post=5802"},{"taxonomy":"product_cat","embeddable":true,"href":"https:\/\/sklep.bmtg.eu\/pl\/wp-json\/wp\/v2\/product_cat?post=5802"},{"taxonomy":"product_tag","embeddable":true,"href":"https:\/\/sklep.bmtg.eu\/pl\/wp-json\/wp\/v2\/product_tag?post=5802"}],"curies":[{"name":"wp","href":"https:\/\/api.w.org\/{rel}","templated":true}]}}