{"id":4576,"date":"2021-10-13T12:44:50","date_gmt":"2021-10-13T12:44:50","guid":{"rendered":"https:\/\/sklep.bmtg.eu\/?post_type=product&#038;p=4576"},"modified":"2021-10-14T08:42:12","modified_gmt":"2021-10-14T08:42:12","slug":"tappering-the-holes-12-holes-hilti-pentruder-hydrostress","status":"publish","type":"product","link":"https:\/\/sklep.bmtg.eu\/pl\/produkt\/tappering-the-holes-12-holes-hilti-pentruder-hydrostress\/","title":{"rendered":"Sto\u017ckowanie otwor\u00f3w - 6 otwor\u00f3w pod Hilti, Pentruder + 6 otwor\u00f3w pod Hyrdrostress"},"content":{"rendered":"","protected":false},"excerpt":{"rendered":"","protected":false},"featured_media":4586,"template":"","meta":[],"product_brand":[],"product_cat":[37],"product_tag":[],"class_list":{"0":"post-4576","1":"product","2":"type-product","3":"status-publish","4":"has-post-thumbnail","6":"product_cat-diamond-circular-saw-blades","8":"first","9":"instock","10":"taxable","11":"shipping-taxable","12":"purchasable","13":"product-type-simple"},"yoast_head":"<!-- This site is optimized with the Yoast SEO plugin v27.5 - https:\/\/yoast.com\/product\/yoast-seo-wordpress\/ -->\n<title>Tappering of holes - 6 holes for Hilti, Pentruder + 6 holes for Hydrostress - Diamond tools | Specialized machines | Wall saws | Floor saws | Core drill bits<\/title>\n<meta name=\"robots\" content=\"index, follow, max-snippet:-1, max-image-preview:large, max-video-preview:-1\" \/>\n<link rel=\"canonical\" href=\"https:\/\/sklep.bmtg.eu\/pl\/produkt\/tappering-the-holes-12-holes-hilti-pentruder-hydrostress\/\" \/>\n<meta property=\"og:locale\" content=\"pl_PL\" \/>\n<meta property=\"og:type\" content=\"article\" \/>\n<meta property=\"og:title\" content=\"Tappering of holes - 6 holes for Hilti, Pentruder + 6 holes for Hydrostress - Diamond tools | Specialized machines | Wall saws | Floor saws | Core drill bits\" \/>\n<meta property=\"og:url\" content=\"https:\/\/sklep.bmtg.eu\/pl\/produkt\/tappering-the-holes-12-holes-hilti-pentruder-hydrostress\/\" \/>\n<meta property=\"og:site_name\" content=\"Diamond tools | Specialized machines | Wall saws | Floor saws | Core drill bits\" \/>\n<meta property=\"article:modified_time\" content=\"2021-10-14T08:42:12+00:00\" \/>\n<meta property=\"og:image\" content=\"https:\/\/sklep.bmtg.eu\/wp-content\/uploads\/2021\/10\/Holes-for-Hilti-Pentruder-Hydrostress.jpg\" \/>\n\t<meta property=\"og:image:width\" content=\"336\" \/>\n\t<meta property=\"og:image:height\" content=\"313\" \/>\n\t<meta property=\"og:image:type\" content=\"image\/jpeg\" \/>\n<meta name=\"twitter:card\" content=\"summary_large_image\" \/>\n<script type=\"application\/ld+json\" class=\"yoast-schema-graph\">{\"@context\":\"https:\\\/\\\/schema.org\",\"@graph\":[{\"@type\":\"WebPage\",\"@id\":\"https:\\\/\\\/sklep.bmtg.eu\\\/produkt\\\/tappering-the-holes-12-holes-hilti-pentruder-hydrostress\\\/\",\"url\":\"https:\\\/\\\/sklep.bmtg.eu\\\/produkt\\\/tappering-the-holes-12-holes-hilti-pentruder-hydrostress\\\/\",\"name\":\"Tappering of holes - 6 holes for Hilti, Pentruder + 6 holes for Hydrostress - Diamond tools | Specialized machines | Wall saws | Floor saws | Core drill bits\",\"isPartOf\":{\"@id\":\"https:\\\/\\\/sklep.bmtg.eu\\\/pl\\\/#website\"},\"primaryImageOfPage\":{\"@id\":\"https:\\\/\\\/sklep.bmtg.eu\\\/produkt\\\/tappering-the-holes-12-holes-hilti-pentruder-hydrostress\\\/#primaryimage\"},\"image\":{\"@id\":\"https:\\\/\\\/sklep.bmtg.eu\\\/produkt\\\/tappering-the-holes-12-holes-hilti-pentruder-hydrostress\\\/#primaryimage\"},\"thumbnailUrl\":\"https:\\\/\\\/sklep.bmtg.eu\\\/wp-content\\\/uploads\\\/2021\\\/10\\\/Holes-for-Hilti-Pentruder-Hydrostress.jpg\",\"datePublished\":\"2021-10-13T12:44:50+00:00\",\"dateModified\":\"2021-10-14T08:42:12+00:00\",\"breadcrumb\":{\"@id\":\"https:\\\/\\\/sklep.bmtg.eu\\\/produkt\\\/tappering-the-holes-12-holes-hilti-pentruder-hydrostress\\\/#breadcrumb\"},\"inLanguage\":\"pl-PL\",\"potentialAction\":[{\"@type\":\"ReadAction\",\"target\":[\"https:\\\/\\\/sklep.bmtg.eu\\\/produkt\\\/tappering-the-holes-12-holes-hilti-pentruder-hydrostress\\\/\"]}]},{\"@type\":\"ImageObject\",\"inLanguage\":\"pl-PL\",\"@id\":\"https:\\\/\\\/sklep.bmtg.eu\\\/produkt\\\/tappering-the-holes-12-holes-hilti-pentruder-hydrostress\\\/#primaryimage\",\"url\":\"https:\\\/\\\/sklep.bmtg.eu\\\/wp-content\\\/uploads\\\/2021\\\/10\\\/Holes-for-Hilti-Pentruder-Hydrostress.jpg\",\"contentUrl\":\"https:\\\/\\\/sklep.bmtg.eu\\\/wp-content\\\/uploads\\\/2021\\\/10\\\/Holes-for-Hilti-Pentruder-Hydrostress.jpg\",\"width\":336,\"height\":313},{\"@type\":\"BreadcrumbList\",\"@id\":\"https:\\\/\\\/sklep.bmtg.eu\\\/produkt\\\/tappering-the-holes-12-holes-hilti-pentruder-hydrostress\\\/#breadcrumb\",\"itemListElement\":[{\"@type\":\"ListItem\",\"position\":1,\"name\":\"Home\",\"item\":\"https:\\\/\\\/sklep.bmtg.eu\\\/\"},{\"@type\":\"ListItem\",\"position\":2,\"name\":\"Shop\",\"item\":\"https:\\\/\\\/sklep.bmtg.eu\\\/pl\\\/shop\\\/\"},{\"@type\":\"ListItem\",\"position\":3,\"name\":\"Tappering of holes &#8211; 6 holes for Hilti, Pentruder + 6 holes for Hydrostress\"}]},{\"@type\":\"WebSite\",\"@id\":\"https:\\\/\\\/sklep.bmtg.eu\\\/pl\\\/#website\",\"url\":\"https:\\\/\\\/sklep.bmtg.eu\\\/pl\\\/\",\"name\":\"Diamond tools | Specialized machines | Wall saws | Floor saws | Core drill bits\",\"description\":\"We have the best diamond tools and amazing experience.\",\"publisher\":{\"@id\":\"https:\\\/\\\/sklep.bmtg.eu\\\/pl\\\/#organization\"},\"potentialAction\":[{\"@type\":\"SearchAction\",\"target\":{\"@type\":\"EntryPoint\",\"urlTemplate\":\"https:\\\/\\\/sklep.bmtg.eu\\\/pl\\\/?s={search_term_string}\"},\"query-input\":{\"@type\":\"PropertyValueSpecification\",\"valueRequired\":true,\"valueName\":\"search_term_string\"}}],\"inLanguage\":\"pl-PL\"},{\"@type\":\"Organization\",\"@id\":\"https:\\\/\\\/sklep.bmtg.eu\\\/pl\\\/#organization\",\"name\":\"Diamond tools | Specialized machines | Wall saws | Floor saws | Core drill bits\",\"url\":\"https:\\\/\\\/sklep.bmtg.eu\\\/pl\\\/\",\"logo\":{\"@type\":\"ImageObject\",\"inLanguage\":\"pl-PL\",\"@id\":\"https:\\\/\\\/sklep.bmtg.eu\\\/pl\\\/#\\\/schema\\\/logo\\\/image\\\/\",\"url\":\"https:\\\/\\\/sklep.bmtg.eu\\\/wp-content\\\/uploads\\\/2020\\\/11\\\/cropped-logo.gif\",\"contentUrl\":\"https:\\\/\\\/sklep.bmtg.eu\\\/wp-content\\\/uploads\\\/2020\\\/11\\\/cropped-logo.gif\",\"width\":1000,\"height\":341,\"caption\":\"Diamond tools | Specialized machines | Wall saws | Floor saws | Core drill bits\"},\"image\":{\"@id\":\"https:\\\/\\\/sklep.bmtg.eu\\\/pl\\\/#\\\/schema\\\/logo\\\/image\\\/\"}}]}<\/script>\n<!-- \/ Yoast SEO plugin. -->","yoast_head_json":{"title":"Tappering of holes - 6 holes for Hilti, Pentruder + 6 holes for Hydrostress - Diamond tools | Specialized machines | Wall saws | Floor saws | Core drill bits","robots":{"index":"index","follow":"follow","max-snippet":"max-snippet:-1","max-image-preview":"max-image-preview:large","max-video-preview":"max-video-preview:-1"},"canonical":"https:\/\/sklep.bmtg.eu\/pl\/produkt\/tappering-the-holes-12-holes-hilti-pentruder-hydrostress\/","og_locale":"pl_PL","og_type":"article","og_title":"Tappering of holes - 6 holes for Hilti, Pentruder + 6 holes for Hydrostress - Diamond tools | Specialized machines | Wall saws | Floor saws | Core drill bits","og_url":"https:\/\/sklep.bmtg.eu\/pl\/produkt\/tappering-the-holes-12-holes-hilti-pentruder-hydrostress\/","og_site_name":"Diamond tools | Specialized machines | Wall saws | Floor saws | Core drill bits","article_modified_time":"2021-10-14T08:42:12+00:00","og_image":[{"width":336,"height":313,"url":"https:\/\/sklep.bmtg.eu\/wp-content\/uploads\/2021\/10\/Holes-for-Hilti-Pentruder-Hydrostress.jpg","type":"image\/jpeg"}],"twitter_card":"summary_large_image","schema":{"@context":"https:\/\/schema.org","@graph":[{"@type":"WebPage","@id":"https:\/\/sklep.bmtg.eu\/produkt\/tappering-the-holes-12-holes-hilti-pentruder-hydrostress\/","url":"https:\/\/sklep.bmtg.eu\/produkt\/tappering-the-holes-12-holes-hilti-pentruder-hydrostress\/","name":"Tappering of holes - 6 holes for Hilti, Pentruder + 6 holes for Hydrostress - Diamond tools | Specialized machines | Wall saws | Floor saws | Core drill bits","isPartOf":{"@id":"https:\/\/sklep.bmtg.eu\/pl\/#website"},"primaryImageOfPage":{"@id":"https:\/\/sklep.bmtg.eu\/produkt\/tappering-the-holes-12-holes-hilti-pentruder-hydrostress\/#primaryimage"},"image":{"@id":"https:\/\/sklep.bmtg.eu\/produkt\/tappering-the-holes-12-holes-hilti-pentruder-hydrostress\/#primaryimage"},"thumbnailUrl":"https:\/\/sklep.bmtg.eu\/wp-content\/uploads\/2021\/10\/Holes-for-Hilti-Pentruder-Hydrostress.jpg","datePublished":"2021-10-13T12:44:50+00:00","dateModified":"2021-10-14T08:42:12+00:00","breadcrumb":{"@id":"https:\/\/sklep.bmtg.eu\/produkt\/tappering-the-holes-12-holes-hilti-pentruder-hydrostress\/#breadcrumb"},"inLanguage":"pl-PL","potentialAction":[{"@type":"ReadAction","target":["https:\/\/sklep.bmtg.eu\/produkt\/tappering-the-holes-12-holes-hilti-pentruder-hydrostress\/"]}]},{"@type":"ImageObject","inLanguage":"pl-PL","@id":"https:\/\/sklep.bmtg.eu\/produkt\/tappering-the-holes-12-holes-hilti-pentruder-hydrostress\/#primaryimage","url":"https:\/\/sklep.bmtg.eu\/wp-content\/uploads\/2021\/10\/Holes-for-Hilti-Pentruder-Hydrostress.jpg","contentUrl":"https:\/\/sklep.bmtg.eu\/wp-content\/uploads\/2021\/10\/Holes-for-Hilti-Pentruder-Hydrostress.jpg","width":336,"height":313},{"@type":"BreadcrumbList","@id":"https:\/\/sklep.bmtg.eu\/produkt\/tappering-the-holes-12-holes-hilti-pentruder-hydrostress\/#breadcrumb","itemListElement":[{"@type":"ListItem","position":1,"name":"Home","item":"https:\/\/sklep.bmtg.eu\/"},{"@type":"ListItem","position":2,"name":"Shop","item":"https:\/\/sklep.bmtg.eu\/pl\/shop\/"},{"@type":"ListItem","position":3,"name":"Tappering of holes &#8211; 6 holes for Hilti, Pentruder + 6 holes for Hydrostress"}]},{"@type":"WebSite","@id":"https:\/\/sklep.bmtg.eu\/pl\/#website","url":"https:\/\/sklep.bmtg.eu\/pl\/","name":"Narz\u0119dzia diamentowe | Maszyny specjalistyczne | Pi\u0142y \u015bcienne | Pi\u0142y do pod\u0142o\u017ca | Diamentowe wiert\u0142a koronowe","description":"Posiadamy najlepsze narz\u0119dzia diamentowe i ogromne do\u015bwiadczenie","publisher":{"@id":"https:\/\/sklep.bmtg.eu\/pl\/#organization"},"potentialAction":[{"@type":"SearchAction","target":{"@type":"EntryPoint","urlTemplate":"https:\/\/sklep.bmtg.eu\/pl\/?s={search_term_string}"},"query-input":{"@type":"PropertyValueSpecification","valueRequired":true,"valueName":"search_term_string"}}],"inLanguage":"pl-PL"},{"@type":"Organization","@id":"https:\/\/sklep.bmtg.eu\/pl\/#organization","name":"Narz\u0119dzia diamentowe | Maszyny specjalistyczne | Pi\u0142y \u015bcienne | Pi\u0142y do pod\u0142o\u017ca | Diamentowe wiert\u0142a koronowe","url":"https:\/\/sklep.bmtg.eu\/pl\/","logo":{"@type":"ImageObject","inLanguage":"pl-PL","@id":"https:\/\/sklep.bmtg.eu\/pl\/#\/schema\/logo\/image\/","url":"https:\/\/sklep.bmtg.eu\/wp-content\/uploads\/2020\/11\/cropped-logo.gif","contentUrl":"https:\/\/sklep.bmtg.eu\/wp-content\/uploads\/2020\/11\/cropped-logo.gif","width":1000,"height":341,"caption":"Diamond tools | Specialized machines | Wall saws | Floor saws | Core drill bits"},"image":{"@id":"https:\/\/sklep.bmtg.eu\/pl\/#\/schema\/logo\/image\/"}}]}},"jetpack_sharing_enabled":true,"_links":{"self":[{"href":"https:\/\/sklep.bmtg.eu\/pl\/wp-json\/wp\/v2\/product\/4576","targetHints":{"allow":["GET"]}}],"collection":[{"href":"https:\/\/sklep.bmtg.eu\/pl\/wp-json\/wp\/v2\/product"}],"about":[{"href":"https:\/\/sklep.bmtg.eu\/pl\/wp-json\/wp\/v2\/types\/product"}],"version-history":[{"count":5,"href":"https:\/\/sklep.bmtg.eu\/pl\/wp-json\/wp\/v2\/product\/4576\/revisions"}],"predecessor-version":[{"id":4894,"href":"https:\/\/sklep.bmtg.eu\/pl\/wp-json\/wp\/v2\/product\/4576\/revisions\/4894"}],"wp:featuredmedia":[{"embeddable":true,"href":"https:\/\/sklep.bmtg.eu\/pl\/wp-json\/wp\/v2\/media\/4586"}],"wp:attachment":[{"href":"https:\/\/sklep.bmtg.eu\/pl\/wp-json\/wp\/v2\/media?parent=4576"}],"wp:term":[{"taxonomy":"product_brand","embeddable":true,"href":"https:\/\/sklep.bmtg.eu\/pl\/wp-json\/wp\/v2\/product_brand?post=4576"},{"taxonomy":"product_cat","embeddable":true,"href":"https:\/\/sklep.bmtg.eu\/pl\/wp-json\/wp\/v2\/product_cat?post=4576"},{"taxonomy":"product_tag","embeddable":true,"href":"https:\/\/sklep.bmtg.eu\/pl\/wp-json\/wp\/v2\/product_tag?post=4576"}],"curies":[{"name":"wp","href":"https:\/\/api.w.org\/{rel}","templated":true}]}}